{"id":1300,"date":"2016-09-04T17:29:06","date_gmt":"2016-09-04T17:29:06","guid":{"rendered":"http:\/\/pontfesztival.hu\/archive\/2017\/?page_id=1300"},"modified":"2017-04-03T08:12:19","modified_gmt":"2017-04-03T08:12:19","slug":"sajto","status":"publish","type":"page","link":"https:\/\/archive.pontfesztival.hu\/2017\/sajto\/","title":{"rendered":"Sajt\u00f3"},"content":{"rendered":"<p>Itt t\u00f6ltheted le a nagyfelbont\u00e1s\u00fa fot\u00f3kat, vide\u00f3kat \u00e9s sajt\u00f3k\u00f6zlem\u00e9nyeket a Pont Fesztiv\u00e1lr\u00f3l. K\u00e9rj\u00fck, hogy az anyagok felhaszn\u00e1l\u00e1sakor minden esetben hivatkozz a Pont Fesztiv\u00e1lra \u00e9s az adott f\u00e1jln\u00e9vben szerepl\u0151 alkot\u00f3ra.<\/p>\n","protected":false},"excerpt":{"rendered":"<p>Itt t\u00f6ltheted le a nagyfelbont\u00e1s\u00fa fot\u00f3kat, vide\u00f3kat \u00e9s sajt\u00f3k\u00f6zlem\u00e9nyeket a [&hellip;]<\/p>\n","protected":false},"author":1,"featured_media":0,"parent":0,"menu_order":0,"comment_status":"open","ping_status":"open","template":"download.php","meta":[],"_links":{"self":[{"href":"https:\/\/archive.pontfesztival.hu\/2017\/wp-json\/wp\/v2\/pages\/1300"}],"collection":[{"href":"https:\/\/archive.pontfesztival.hu\/2017\/wp-json\/wp\/v2\/pages"}],"about":[{"href":"https:\/\/archive.pontfesztival.hu\/2017\/wp-json\/wp\/v2\/types\/page"}],"author":[{"embeddable":true,"href":"https:\/\/archive.pontfesztival.hu\/2017\/wp-json\/wp\/v2\/users\/1"}],"replies":[{"embeddable":true,"href":"https:\/\/archive.pontfesztival.hu\/2017\/wp-json\/wp\/v2\/comments?post=1300"}],"version-history":[{"count":0,"href":"https:\/\/archive.pontfesztival.hu\/2017\/wp-json\/wp\/v2\/pages\/1300\/revisions"}],"wp:attachment":[{"href":"https:\/\/archive.pontfesztival.hu\/2017\/wp-json\/wp\/v2\/media?parent=1300"}],"curies":[{"name":"wp","href":"https:\/\/api.w.org\/{rel}","templated":true}]}}